{"id":177,"date":"2015-02-04T14:27:42","date_gmt":"2015-02-04T13:27:42","guid":{"rendered":"http:\/\/www.colfranculana.it\/wordpress\/?page_id=177"},"modified":"2015-09-21T12:35:18","modified_gmt":"2015-09-21T10:35:18","slug":"colfranculana-p","status":"publish","type":"page","link":"https:\/\/www.colfranculana.it\/wordpress\/?page_id=177","title":{"rendered":"La Colfranculana"},"content":{"rendered":"<p><strong>A.S.D. &lt;&lt;la Colfranculana&gt;&gt;<\/strong><\/p>\n<p><strong>Associazione sportiva Dilettantistica<\/strong><\/p>\n<p><strong>via Madre Teresa di Calcutta<\/strong><\/p>\n<p><strong>31046 Colfrancui di Oderzo (Tv)<\/strong><\/p>\n<p>&nbsp;<\/p>\n<p><span style=\"font-size: 18pt; color: #008000;\"><strong>Vieni a trovarci !!! Siamo in sede tutti i LUNEDI dalle 21.00 alle 22.00<\/strong><\/span><\/p>\n<p>&nbsp;<\/p>\n<p><span style=\"font-size: 18pt;\"><strong><span style=\"text-decoration: underline;\">Storia della societ\u00e0<\/span><\/strong><\/span><\/p>\n<p>La Colfranculana&#8221; appare come un prodotto originale di un humus culturale che nei primi anni 70 mescolava la controcultura giovanile, la (ri)scoperta della dimensione locale e la voglia di impegno sociale. Il nome stesso della societ\u00e0 \u00e8 la spia dello scanzonato orologio di provenire da Colfrancui, paesetto della provincia Trevisana apparentemente ignaro di ci\u00f2 che gli accadeva intorno.\u00a0Il gruppo fondatore si coagul\u00f2 intorno a una visione innovata dello sport e dei fatti sociali a questi correlati anche se nel tempo dovette passare attraverso le inevitabili difficolt\u00e0 che derivano dal dover adattare i propri desideri alla realt\u00e0.\u00a0Dal 1974 \u00e8 viva una sezione marce podistiche, corse campestri che costituisce il nucleo storico della societ\u00e0. Da quasi 20 anni c&#8217;\u00e8 una partecipazione settimanale a gare podistiche non competitive in tutto il nord Italia su qualsiasi distanza.\u00a0Anche in questo campo vi \u00e8 una fervente attivit\u00e0 organizzativa.\u00a0Ogni anno l&#8217;ultima domenica di maggio viene organizzata a Colfrancui di Oderzo la popolare\u00a0 marcia non competitiva &#8220;LA COLFRANCULANA&#8221; di km 5-11-21-42 alla quale prendono parte oltre 2000 persone. Questa marcia \u00e8 stata pi\u00f9 vo<span style=\"font-size: 12pt;\">lte segnalata fra le pi\u00f9 belle d&#8217;Italia dalle riviste del settore. Vi \u00e8 poi l&#8217;organizzazione di altre marce sia direttamente, che come gruppo di supporto.\u00a0Via via&#8221;La Colfranculana&#8221; ha ampliato il suo operato dal mondo delle marce non competitive allo sci di fondo, creando lo sci fondo la Mutera la quale\u00a0organizza un&#8217;intensa attivit\u00e0 invernale iniziando attraverso preparatori atletici in forza alla societ\u00e0, una preparazione alla t<\/span>ecnica dello sci di fondo, con allenamenti per principianti e atleti evoluti.\u00a0Si continua con la partecipazione a gare di sci di fondo Provinciali e Nazionali e in particolare alle manifestazioni promozionali, si termina la stagione sciistica con la combattuta gara Sociale\u00a0Nel periodo estivo gli atleti si dedicano allo skiroll\u00a0\u00a0come allenamento per la stagione invernale oppure a livello agonistico, partecipando alle gare nazionali.\u00a0La sezione Skiroll della S.S.R La Colfranculana-Sci Fondo La Mutera \u00e8 stata ufficialmente fondata nel 1982. I primi anni di vita sono stati dedicati quasi esclusivamente all&#8217; organizzazione di gare promozionali ed agonistiche. Per prima in Italia ha abbinato ad una gara podistica una competizione di skiroll (Colfrancui di Oderzo 1978) e sempre per prima ha organizzato il Campionato Italiano Granfondo di Skiroll (Oderzo1982-1983-1984-1985-1986).\u00a0Negli ultimi anni si \u00e8 consolidata una vivace sezione calciatori, ovviamente denominati Colfrancui Calcio. Le risorse e l&#8217;esperienza de&#8221;La Colfranculana&#8221; sono stati utili anche alla costruzione dei vari&#8221; clubs, tra i quali il Colfrancui Tennis.<\/p>\n<p>&nbsp;<\/p>\n<p><span style=\"text-decoration: underline;\">La Societ\u00e0 Sportiva Ricreativa\u00a0 La Colfranculana &#8211; Sci Fondo la Mutera \u00e8 stata ufficialmente fondata nel 1974.<\/span><\/p>\n<p>&nbsp;<\/p>\n<p>La storia della societ\u00e0 \u00e8 fatta anche di iniziative di altro segno. Fra le pi\u00f9 significative vi sono la difesa della sagra di luned\u00ec di Pasqua, evento importante per la comunit\u00e0 di S.Maria di Pal\u00f9, le iniziative natalizie in cui si coniugano solidariet\u00e0 , folklore e identit\u00e0 paesana, la manutenzione degli impianti sportivi per il paese e ritrovarsi ogni luned\u00ec sera nella sede sociale.<\/p>\n","protected":false},"excerpt":{"rendered":"<p>A.S.D. &lt;&lt;la Colfranculana&gt;&gt; Associazione sportiva Dilettantistica via Madre Teresa di Calcutta 31046 Colfrancui di Oderzo (Tv) &nbsp; Vieni a trovarci !!! Siamo in sede tutti i LUNEDI dalle 21.00 alle 22.00 &nbsp; Storia della societ\u00e0 La Colfranculana&#8221; appare come un prodotto originale di un humus culturale che nei primi anni 70 mescolava la controcultura giovanile, [&hellip;]<\/p>\n","protected":false},"author":1,"featured_media":0,"parent":0,"menu_order":0,"comment_status":"open","ping_status":"open","template":"","meta":{"_bbp_topic_count":0,"_bbp_reply_count":0,"_bbp_total_topic_count":0,"_bbp_total_reply_count":0,"_bbp_voice_count":0,"_bbp_anonymous_reply_count":0,"_bbp_topic_count_hidden":0,"_bbp_reply_count_hidden":0,"_bbp_forum_subforum_count":0},"_links":{"self":[{"href":"https:\/\/www.colfranculana.it\/wordpress\/index.php?rest_route=\/wp\/v2\/pages\/177"}],"collection":[{"href":"https:\/\/www.colfranculana.it\/wordpress\/index.php?rest_route=\/wp\/v2\/pages"}],"about":[{"href":"https:\/\/www.colfranculana.it\/wordpress\/index.php?rest_route=\/wp\/v2\/types\/page"}],"author":[{"embeddable":true,"href":"https:\/\/www.colfranculana.it\/wordpress\/index.php?rest_route=\/wp\/v2\/users\/1"}],"replies":[{"embeddable":true,"href":"https:\/\/www.colfranculana.it\/wordpress\/index.php?rest_route=%2Fwp%2Fv2%2Fcomments&post=177"}],"version-history":[{"count":5,"href":"https:\/\/www.colfranculana.it\/wordpress\/index.php?rest_route=\/wp\/v2\/pages\/177\/revisions"}],"predecessor-version":[{"id":323,"href":"https:\/\/www.colfranculana.it\/wordpress\/index.php?rest_route=\/wp\/v2\/pages\/177\/revisions\/323"}],"wp:attachment":[{"href":"https:\/\/www.colfranculana.it\/wordpress\/index.php?rest_route=%2Fwp%2Fv2%2Fmedia&parent=177"}],"curies":[{"name":"wp","href":"https:\/\/api.w.org\/{rel}","templated":true}]}}